{"id":3,"date":"2019-05-05T15:38:45","date_gmt":"2019-05-05T13:38:45","guid":{"rendered":"https:\/\/meetingsingle.ch\/wp\/?page_id=3"},"modified":"2020-06-28T12:42:19","modified_gmt":"2020-06-28T10:42:19","slug":"privacy-policy","status":"publish","type":"page","link":"https:\/\/meetingsingle.ch\/it\/privacy-policy\/","title":{"rendered":"Privacy Policy"},"content":{"rendered":"<h2><strong>INFORMATIVA PRIVACY<\/strong><\/h2>\n<h3><strong>Informativa sulla protezione dei dati personali <\/strong><\/h3>\n<p>Scip Interconsulting &amp; Partners SA vi ringrazia per l\u2019interesse per il nostro sito. La tutela della sfera privata \u00e8 per noi molto importante. In questa informativa sulla protezione dei dati personali forniamo informazioni dettagliate sul trattamento dei dati personali.<\/p>\n<p><strong>1. Titolare, raccolta, trattamento e utilizzo dei dati personali<\/strong><br \/>\nA seguito della consultazione di questo sito possono essere trattati dati relativi a persone identificate o identificabili. Il \u201ctitolare\u201d del loro trattamento \u00e8 Scip Interconsulting &amp; Partners SA, che ha sede in Lugano (CH) via Crocicchio Cortogna.<br \/>\nPotete visitare il nostro sito senza fornire i vostri dati personali. Elaboriamo i vostri dati non personali relativi alla visita al sito web ai fini dell\u2019aggiornamento e del miglioramento del sito web e per offrirvi la migliore esperienza possibile e informazioni pertinenti quando visitate questo sito web. I dati personali sulla vostra visita al nostro sito vengono raccolti solamente se essi vengono forniti volontariamente. Tali informazioni possono contenere il vostro nome, indirizzo, numero di telefono nonch\u00e9 il vostro indirizzo e-mail e vengono utilizzate unicamente per gli scopi per cui le avete fornite (ad esempio per rispondere a domande, per prendere contatto, per inviare materiale pubblicitario, richiedere ulteriore informazione circa i nostri profili e servizi, ecc.), a meno che non abbiate acconsentito espressamente ad altri utilizzi. Qualora non desideriate pi\u00f9 ricevere pubblicit\u00e0 da parte nostra, potete comunicarlo in ogni momento via e-mail all\u2019indirizzo info@meetingsingle.ch o via posta all\u2019indirizzo Scip Interconsulting &amp; Partners SA, Via Crocicchio Cortogna 2, 6900 Lugano.<\/p>\n<p><strong>2. Utilizzo e trasmissione dei dati personali<\/strong><br \/>\nQuando ci vengono forniti dati personali, rispettiamo naturalmente le disposizioni in materia di protezione dei dati personali. La raccolta, la memorizzazione e l\u2019utilizzo di dati personali (quali nome, indirizzo e-mail) avvengono nel rispetto delle disposizioni della legge federale svizzera sulla protezione dei dati personali. Inoltre, per l\u2019utilizzo del sito web e per rispondere alle richieste \u00e8 possibile che vengano incaricati altri fornitori di servizi (societ\u00e0 del gruppo o terze) all\u2019interno e all\u2019esterno della Svizzera. Queste societ\u00e0 di fornitori di servizi elaborano i vostri dati personali esclusivamente su nostro incarico per gli scopi sopra elencati e nel rispetto delle necessarie misure di sicurezza. Vi informiamo che all\u2019esterno della Svizzera non vi \u00e8 necessariamente una protezione legale dei dati personali equivalente a quella svizzera. La trasmissione dei vostri dati personali ad altri terzi per un utilizzo conforme ai loro scopi avviene solamente previo esplicito consenso, a meno che non siamo obbligati a trasmettere i vostri dati ad esempio per disposizioni legislative o per ordine dell\u2019autorit\u00e0.<\/p>\n<p><strong>3. Tipi di dati trattati<\/strong><br \/>\nDati di navigazione \u2013 I sistemi informatici e le procedure software preposte al funzionamento di questo sito web acquisiscono, nel corso del loro normale esercizio, alcuni dati personali la cui trasmissione \u00e8 implicita nell\u2019uso dei protocolli di comunicazione di Internet. Si tratta di informazioni che non sono raccolte per essere associate a interessati identificati, ma che per loro stessa natura potrebbero, attraverso elaborazioni ed associazioni con dati detenuti da terzi, permettere di identificare gli utenti. In questa categoria di dati rientrano gli indirizzi IP o i nomi a dominio dei computer utilizzati dagli utenti che si connettono al sito, gli indirizzi in notazione URI (Uniform Resource Identifier) delle risorse richieste, l\u2019orario della richiesta, il metodo utilizzato nel sottoporre la richiesta al server, la dimensione del file ottenuto in risposta, il codice numerico indicante lo stato della risposta data dal server (buon fine, errore, ecc.) ed altri parametri relativi al sistema operativo e all\u2019ambiente informatico dell\u2019utente. Questi dati vengono utilizzati al solo fine di ricavare informazioni statistiche anonime sull\u2019uso del sito e per controllarne il corretto funzionamento e vengono cancellati immediatamente dopo l\u2019elaborazione. I dati potrebbero essere utilizzati per l\u2019accertamento di responsabilit\u00e0 in caso di ipotetici reati informatici ai danni del sito: salva questa eventualit\u00e0, allo stato i dati sui contatti web non persistono per pi\u00f9 di sette giorni.<\/p>\n<p>Dati forniti volontariamente dall\u2019utente \u2013 L\u2019invio facoltativo, esplicito e volontario di posta elettronica agli indirizzi indicati su questo sito comporta la successiva acquisizione dell\u2019indirizzo del mittente, necessario per rispondere alle richieste, nonch\u00e9 degli eventuali altri dati personali inseriti nella missiva. Specifiche informative di sintesi verranno riportate nel form di iscrizione protetto da Google ReCaptcha al servizio di newsletter o visualizzate nelle pagine del sito predisposte per particolari servizi a richiesta.<\/p>\n<p><strong>4. Cookies<\/strong><br \/>\nNessun dato personale degli utenti viene in proposito acquisito dal sito. Non viene fatto uso di cookies per la trasmissione di informazioni di carattere personale, n\u00e9 vengono utilizzati c.d. cookies persistenti di alcun tipo, ovvero sistemi per il tracciamento degli utenti. L\u2019uso di c.d. cookies di sessione (che non vengono memorizzati in modo persistente sul computer dell\u2019utente e svaniscono con la chiusura del browser) \u00e8 strettamente limitato alla trasmissione di identificativi di sessione (costituiti da numeri casuali generati dal server) necessari per consentire l\u2019esplorazione sicura ed efficiente del sito. I c.d. cookies di sessione utilizzati in questo sito evitano il ricorso ad altre tecniche informatiche potenzialmente pregiudizievoli per la riservatezza della navigazione degli utenti e non consentono l\u2019acquisizione di dati personali identificativi dell\u2019utente.<\/p>\n<p><strong>5. Link ad altri siti web<\/strong><br \/>\nQuesto sito web pu\u00f2 contenere link ad altri siti web, a cui non si estende la presente informativa sulla protezione dei dati. Vi preghiamo di tenere presente che non ci assumiamo alcuna responsabilit\u00e0 per altri siti web e i relativi contenuti. Vi consigliamo di leggere le informative sulla protezione dei dati di ciascun sito visitiate.<\/p>\n<p><strong>6. Modifiche<\/strong><br \/>\nCi riserviamo il diritto di modificare in qualsiasi momento la presente informativa sulla protezione dei dati personali. Vi consigliamo dunque di verificarla regolarmente. Le modifiche all\u2019informativa sulla protezione dei dati personali entrano in vigore al momento della pubblicazione sul nostro sito web. L\u2019ultima riga della presente informativa contiene la data dell\u2019ultimo aggiornamento.<\/p>\n<p><strong>7. Diritto di informazione e referente per la protezione dei dati personali<\/strong><br \/>\nSe intendete fare valere il vostro diritto di informazione o avete domande, osservazioni o dubbi circa la raccolta, l\u2019elaborazione e l\u2019utilizzo dei vostri dati personali, intendete revocare il consenso o far rettificare, bloccare o cancellare i dati personali, vi preghiamo di rivolgervi al titolare della raccolta dei dati al seguente indirizzo:<br \/>\nScip Interconsulting &amp; Partners SA, Via Crocicchio Cortogna 2, 6900 Lugano<br \/>\nE-Mail: info@meetingsingle.ch<\/p>\n<p>Ultimo aggiornamento: 1 marzo 2019<\/p>\n","protected":false},"excerpt":{"rendered":"<p>INFORMATIVA PRIVACY Informativa sulla protezione dei dati personali Scip Interconsulting &amp; Partners SA vi ringrazia per l\u2019interesse per il nostro sito. La tutela della sfera privata \u00e8 per noi molto importante. In questa informativa sulla protezione dei dati personali forniamo informazioni dettagliate sul trattamento dei dati personali. 1. Titolare, raccolta, trattamento e utilizzo dei dati personali A seguito della consultazione di questo sito possono essere trattati dati relativi a persone identificate o identificabili. Il \u201ctitolare\u201d del loro trattamento \u00e8 Scip Interconsulting &amp; Partners SA, che ha sede in Lugano (CH) via Crocicchio Cortogna. Potete visitare il nostro sito senza fornire i vostri dati personali. Elaboriamo i vostri dati non personali relativi alla visita al sito web ai fini dell\u2019aggiornamento e del miglioramento del sito web e per offrirvi la migliore esperienza possibile e informazioni pertinenti quando visitate questo sito web. I dati personali sulla vostra visita al nostro sito vengono raccolti solamente se essi vengono forniti volontariamente. Tali informazioni possono contenere il vostro nome, indirizzo, numero di telefono nonch\u00e9 il vostro indirizzo e-mail e vengono utilizzate unicamente per gli scopi per cui le avete fornite (ad esempio per rispondere a domande, per prendere contatto, per inviare materiale pubblicitario, richiedere ulteriore [&hellip;]<\/p>\n","protected":false},"author":9801,"featured_media":0,"parent":0,"menu_order":0,"comment_status":"closed","ping_status":"open","template":"","meta":{"footnotes":""},"yoast_head":"<!-- This site is optimized with the Yoast SEO plugin v21.0 - https:\/\/yoast.com\/wordpress\/plugins\/seo\/ -->\n<title>Privacy Policy -<\/title>\n<meta name=\"robots\" content=\"index, follow, max-snippet:-1, max-image-preview:large, max-video-preview:-1\" \/>\n<link rel=\"canonical\" href=\"https:\/\/meetingsingle.ch\/it\/privacy-policy\/\" \/>\n<meta property=\"og:locale\" content=\"it_IT\" \/>\n<meta property=\"og:type\" content=\"article\" \/>\n<meta property=\"og:title\" content=\"Privacy Policy -\" \/>\n<meta property=\"og:description\" content=\"INFORMATIVA PRIVACY Informativa sulla protezione dei dati personali Scip Interconsulting &amp; Partners SA vi ringrazia per l\u2019interesse per il nostro sito. La tutela della sfera privata \u00e8 per noi molto importante. In questa informativa sulla protezione dei dati personali forniamo informazioni dettagliate sul trattamento dei dati personali. 1. Titolare, raccolta, trattamento e utilizzo dei dati personali A seguito della consultazione di questo sito possono essere trattati dati relativi a persone identificate o identificabili. Il \u201ctitolare\u201d del loro trattamento \u00e8 Scip Interconsulting &amp; Partners SA, che ha sede in Lugano (CH) via Crocicchio Cortogna. Potete visitare il nostro sito senza fornire i vostri dati personali. Elaboriamo i vostri dati non personali relativi alla visita al sito web ai fini dell\u2019aggiornamento e del miglioramento del sito web e per offrirvi la migliore esperienza possibile e informazioni pertinenti quando visitate questo sito web. I dati personali sulla vostra visita al nostro sito vengono raccolti solamente se essi vengono forniti volontariamente. Tali informazioni possono contenere il vostro nome, indirizzo, numero di telefono nonch\u00e9 il vostro indirizzo e-mail e vengono utilizzate unicamente per gli scopi per cui le avete fornite (ad esempio per rispondere a domande, per prendere contatto, per inviare materiale pubblicitario, richiedere ulteriore [&hellip;]\" \/>\n<meta property=\"og:url\" content=\"https:\/\/meetingsingle.ch\/it\/privacy-policy\/\" \/>\n<meta property=\"og:site_name\" content=\"Meeting Agenzia per Single\" \/>\n<meta property=\"article:modified_time\" content=\"2020-06-28T10:42:19+00:00\" \/>\n<meta name=\"twitter:card\" content=\"summary_large_image\" \/>\n<meta name=\"twitter:label1\" content=\"Tempo di lettura stimato\" \/>\n\t<meta name=\"twitter:data1\" content=\"5 minuti\" \/>\n<script type=\"application\/ld+json\" class=\"yoast-schema-graph\">{\"@context\":\"https:\/\/schema.org\",\"@graph\":[{\"@type\":\"WebPage\",\"@id\":\"https:\/\/meetingsingle.ch\/it\/privacy-policy\/\",\"url\":\"https:\/\/meetingsingle.ch\/it\/privacy-policy\/\",\"name\":\"Privacy Policy -\",\"isPartOf\":{\"@id\":\"https:\/\/meetingsingle.ch\/it\/#website\"},\"datePublished\":\"2019-05-05T13:38:45+00:00\",\"dateModified\":\"2020-06-28T10:42:19+00:00\",\"breadcrumb\":{\"@id\":\"https:\/\/meetingsingle.ch\/it\/privacy-policy\/#breadcrumb\"},\"inLanguage\":\"it-IT\",\"potentialAction\":[{\"@type\":\"ReadAction\",\"target\":[\"https:\/\/meetingsingle.ch\/it\/privacy-policy\/\"]}]},{\"@type\":\"BreadcrumbList\",\"@id\":\"https:\/\/meetingsingle.ch\/it\/privacy-policy\/#breadcrumb\",\"itemListElement\":[{\"@type\":\"ListItem\",\"position\":1,\"name\":\"Home\",\"item\":\"https:\/\/meetingsingle.ch\/it\/\"},{\"@type\":\"ListItem\",\"position\":2,\"name\":\"Privacy Policy\"}]},{\"@type\":\"WebSite\",\"@id\":\"https:\/\/meetingsingle.ch\/it\/#website\",\"url\":\"https:\/\/meetingsingle.ch\/it\/\",\"name\":\"Meeting Agenzia per Single\",\"description\":\"Meeting Agenzia per Single a Zurigo, Lugano e Locarno\",\"potentialAction\":[{\"@type\":\"SearchAction\",\"target\":{\"@type\":\"EntryPoint\",\"urlTemplate\":\"https:\/\/meetingsingle.ch\/it\/?s={search_term_string}\"},\"query-input\":\"required name=search_term_string\"}],\"inLanguage\":\"it-IT\"}]}<\/script>\n<!-- \/ Yoast SEO plugin. -->","yoast_head_json":{"title":"Privacy Policy -","robots":{"index":"index","follow":"follow","max-snippet":"max-snippet:-1","max-image-preview":"max-image-preview:large","max-video-preview":"max-video-preview:-1"},"canonical":"https:\/\/meetingsingle.ch\/it\/privacy-policy\/","og_locale":"it_IT","og_type":"article","og_title":"Privacy Policy -","og_description":"INFORMATIVA PRIVACY Informativa sulla protezione dei dati personali Scip Interconsulting &amp; Partners SA vi ringrazia per l\u2019interesse per il nostro sito. La tutela della sfera privata \u00e8 per noi molto importante. In questa informativa sulla protezione dei dati personali forniamo informazioni dettagliate sul trattamento dei dati personali. 1. Titolare, raccolta, trattamento e utilizzo dei dati personali A seguito della consultazione di questo sito possono essere trattati dati relativi a persone identificate o identificabili. Il \u201ctitolare\u201d del loro trattamento \u00e8 Scip Interconsulting &amp; Partners SA, che ha sede in Lugano (CH) via Crocicchio Cortogna. Potete visitare il nostro sito senza fornire i vostri dati personali. Elaboriamo i vostri dati non personali relativi alla visita al sito web ai fini dell\u2019aggiornamento e del miglioramento del sito web e per offrirvi la migliore esperienza possibile e informazioni pertinenti quando visitate questo sito web. I dati personali sulla vostra visita al nostro sito vengono raccolti solamente se essi vengono forniti volontariamente. Tali informazioni possono contenere il vostro nome, indirizzo, numero di telefono nonch\u00e9 il vostro indirizzo e-mail e vengono utilizzate unicamente per gli scopi per cui le avete fornite (ad esempio per rispondere a domande, per prendere contatto, per inviare materiale pubblicitario, richiedere ulteriore [&hellip;]","og_url":"https:\/\/meetingsingle.ch\/it\/privacy-policy\/","og_site_name":"Meeting Agenzia per Single","article_modified_time":"2020-06-28T10:42:19+00:00","twitter_card":"summary_large_image","twitter_misc":{"Tempo di lettura stimato":"5 minuti"},"schema":{"@context":"https:\/\/schema.org","@graph":[{"@type":"WebPage","@id":"https:\/\/meetingsingle.ch\/it\/privacy-policy\/","url":"https:\/\/meetingsingle.ch\/it\/privacy-policy\/","name":"Privacy Policy -","isPartOf":{"@id":"https:\/\/meetingsingle.ch\/it\/#website"},"datePublished":"2019-05-05T13:38:45+00:00","dateModified":"2020-06-28T10:42:19+00:00","breadcrumb":{"@id":"https:\/\/meetingsingle.ch\/it\/privacy-policy\/#breadcrumb"},"inLanguage":"it-IT","potentialAction":[{"@type":"ReadAction","target":["https:\/\/meetingsingle.ch\/it\/privacy-policy\/"]}]},{"@type":"BreadcrumbList","@id":"https:\/\/meetingsingle.ch\/it\/privacy-policy\/#breadcrumb","itemListElement":[{"@type":"ListItem","position":1,"name":"Home","item":"https:\/\/meetingsingle.ch\/it\/"},{"@type":"ListItem","position":2,"name":"Privacy Policy"}]},{"@type":"WebSite","@id":"https:\/\/meetingsingle.ch\/it\/#website","url":"https:\/\/meetingsingle.ch\/it\/","name":"Meeting Agenzia per Single","description":"Meeting Agenzia per Single a Zurigo, Lugano e Locarno","potentialAction":[{"@type":"SearchAction","target":{"@type":"EntryPoint","urlTemplate":"https:\/\/meetingsingle.ch\/it\/?s={search_term_string}"},"query-input":"required name=search_term_string"}],"inLanguage":"it-IT"}]}},"_links":{"self":[{"href":"https:\/\/meetingsingle.ch\/it\/wp-json\/wp\/v2\/pages\/3"}],"collection":[{"href":"https:\/\/meetingsingle.ch\/it\/wp-json\/wp\/v2\/pages"}],"about":[{"href":"https:\/\/meetingsingle.ch\/it\/wp-json\/wp\/v2\/types\/page"}],"author":[{"embeddable":true,"href":"https:\/\/meetingsingle.ch\/it\/wp-json\/wp\/v2\/users\/9801"}],"replies":[{"embeddable":true,"href":"https:\/\/meetingsingle.ch\/it\/wp-json\/wp\/v2\/comments?post=3"}],"version-history":[{"count":5,"href":"https:\/\/meetingsingle.ch\/it\/wp-json\/wp\/v2\/pages\/3\/revisions"}],"predecessor-version":[{"id":2449,"href":"https:\/\/meetingsingle.ch\/it\/wp-json\/wp\/v2\/pages\/3\/revisions\/2449"}],"wp:attachment":[{"href":"https:\/\/meetingsingle.ch\/it\/wp-json\/wp\/v2\/media?parent=3"}],"curies":[{"name":"wp","href":"https:\/\/api.w.org\/{rel}","templated":true}]}}